{"id":3437,"date":"2023-01-11T19:32:06","date_gmt":"2023-01-11T19:32:06","guid":{"rendered":"https:\/\/cavalocoaching.com\/equine-assisted-coaching-in-portugal\/experience-magic-with-horses\/"},"modified":"2023-03-13T19:57:29","modified_gmt":"2023-03-13T19:57:29","slug":"experience-magic-with-horses","status":"publish","type":"page","link":"https:\/\/cavalocoaching.com\/en\/equine-assisted-coaching-in-portugal\/experience-magic-with-horses\/","title":{"rendered":"Experience magic with horses"},"content":{"rendered":"<\/p>\n<div class='flex_column av-aym63-267e0075571704fc87c450360d48c2a3 av_one_full  avia-builder-el-0  avia-builder-el-no-sibling  first flex_column_div '     ><p>\n<style type=\"text\/css\" data-created_by=\"avia_inline_auto\" id=\"style-css-av-ldvjieuk-0a9e431d37c359c75030ba0d73ff52ac\">\n#top .av-special-heading.av-ldvjieuk-0a9e431d37c359c75030ba0d73ff52ac{\npadding-bottom:10px;\n}\nbody .av-special-heading.av-ldvjieuk-0a9e431d37c359c75030ba0d73ff52ac .av-special-heading-tag .heading-char{\nfont-size:25px;\n}\n.av-special-heading.av-ldvjieuk-0a9e431d37c359c75030ba0d73ff52ac .av-subheading{\nfont-size:15px;\n}\n<\/style>\n<div  class='av-special-heading av-ldvjieuk-0a9e431d37c359c75030ba0d73ff52ac av-special-heading-h1 blockquote modern-quote  avia-builder-el-1  el_before_av_portfolio  avia-builder-el-no-sibling '><h1 class='av-special-heading-tag'  itemprop=\"headline\"  >Experience magic with horses<\/h1><div class='av-subheading av-subheading_below'><p>Choose your retreat or individual coaching<\/p>\n<\/div><div class=\"special-heading-border\"><div class=\"special-heading-inner-border\"><\/div><\/div><\/div><br \/>\n<div  id=\"av-sc-portfolio-1\"  class=\"av-portfolio-grid-sorting-container\"><div class='sort_width_container  av-sort-yes' data-portfolio-id='1' ><div id='js_sort_items' ><div class='sort_by_cat hidden'><a href=\"#\" data-filter=\"all_sort\" class=\"all_sort_button active_sort\"><span class=\"inner_sort_button\"><span>All<\/span><small class=\"av-cat-count\"> 4 <\/small><\/span><\/a><span class=\"text-sep experience-magic-with-horses_sort_sep\">\/<\/span><a href=\"#\" data-filter=\"experience-magic-with-horses_sort\" class=\"experience-magic-with-horses_sort_button\" ><span class=\"inner_sort_button\"><span>Experience magic with horses<\/span><small class=\"av-cat-count\"> 4 <\/small><\/span><\/a><\/div><\/div><\/div><div  class=' grid-sort-container isotope   no_margin-container with-excerpt-container grid-total-even grid-col-3 grid-links-' data-portfolio-id='1'><div data-ajax-id='3444' class=' grid-entry flex_column isotope-item all_sort no_margin post-entry post-entry-3444 grid-entry-overview grid-loop-1 grid-parity-odd  experience-magic-with-horses_sort requirements_sort  av_one_third first default_av_fullwidth '><article class='main_color inner-entry'  itemscope=\"itemscope\" itemtype=\"https:\/\/schema.org\/CreativeWork\" ><a href=\"https:\/\/cavalocoaching.com\/en\/aktuell\/journey-to-your-true-self\/\" title='RETREAT &#8211; Journey to Your True Self'  data-rel='grid-1' class='grid-image avia-hover-fx'> <img decoding=\"async\" width=\"495\" height=\"400\" src=\"https:\/\/cavalocoaching.com\/wp-content\/uploads\/2023\/01\/CavaloCoaching_Anna_Portugal_13-495x400.jpg\" class=\"wp-image-2623 avia-img-lazy-loading-not-2623 attachment-portfolio size-portfolio wp-post-image\" alt=\"Auf einem Pferd liegen\" srcset=\"https:\/\/cavalocoaching.com\/wp-content\/uploads\/2023\/01\/CavaloCoaching_Anna_Portugal_13-495x400.jpg 495w, https:\/\/cavalocoaching.com\/wp-content\/uploads\/2023\/01\/CavaloCoaching_Anna_Portugal_13-845x684.jpg 845w\" sizes=\"(max-width: 495px) 100vw, 495px\" \/><\/a><div class='grid-content'><div class='avia-arrow'><\/div><header class=\"entry-content-header\"><h3 class='grid-entry-title entry-title '  itemprop=\"headline\" ><a href='https:\/\/cavalocoaching.com\/en\/aktuell\/journey-to-your-true-self\/' title='RETREAT &#8211; Journey to Your True Self'>RETREAT &#8211; Journey to Your True Self<\/a><\/h3><\/header><div class='grid-entry-excerpt entry-content'  itemprop=\"text\" >Date TBA, Bar\u00e3o de S\u00e3o Jo\u00e3o<\/div><\/div><footer class=\"entry-footer\"><\/footer><\/article><\/div><div data-ajax-id='3447' class=' grid-entry flex_column isotope-item all_sort no_margin post-entry post-entry-3447 grid-entry-overview grid-loop-2 grid-parity-even  experience-magic-with-horses_sort  av_one_third  default_av_fullwidth '><article class='main_color inner-entry'  itemscope=\"itemscope\" itemtype=\"https:\/\/schema.org\/CreativeWork\" ><a href=\"https:\/\/cavalocoaching.com\/en\/aktuell\/individual-coaching-with-and-without-horse\/\" title='Individual coaching with and without horse'  data-rel='grid-1' class='grid-image avia-hover-fx'> <img decoding=\"async\" width=\"495\" height=\"400\" src=\"https:\/\/cavalocoaching.com\/wp-content\/uploads\/2023\/02\/anna_annie_gigi_rp-495x400.jpg\" class=\"wp-image-2879 avia-img-lazy-loading-not-2879 attachment-portfolio size-portfolio wp-post-image\" alt=\"\" srcset=\"https:\/\/cavalocoaching.com\/wp-content\/uploads\/2023\/02\/anna_annie_gigi_rp-495x400.jpg 495w, https:\/\/cavalocoaching.com\/wp-content\/uploads\/2023\/02\/anna_annie_gigi_rp-845x684.jpg 845w\" sizes=\"(max-width: 495px) 100vw, 495px\" \/><\/a><div class='grid-content'><div class='avia-arrow'><\/div><header class=\"entry-content-header\"><h3 class='grid-entry-title entry-title '  itemprop=\"headline\" ><a href='https:\/\/cavalocoaching.com\/en\/aktuell\/individual-coaching-with-and-without-horse\/' title='Individual coaching with and without horse'>Individual coaching with and without horse<\/a><\/h3><\/header><div class='grid-entry-excerpt entry-content'  itemprop=\"text\" >by personal agreement, Bar\u00e3o de S\u00e3o Jo\u00e3o<\/div><\/div><footer class=\"entry-footer\"><\/footer><\/article><\/div><div data-ajax-id='3450' class=' grid-entry flex_column isotope-item all_sort no_margin post-entry post-entry-3450 grid-entry-overview grid-loop-3 grid-parity-odd  experience-magic-with-horses_sort  av_one_third  default_av_fullwidth '><article class='main_color inner-entry'  itemscope=\"itemscope\" itemtype=\"https:\/\/schema.org\/CreativeWork\" ><a href=\"https:\/\/cavalocoaching.com\/en\/aktuell\/your-personal-retreat\/\" title='Your personal retreat'  data-rel='grid-1' class='grid-image avia-hover-fx'> <img decoding=\"async\" width=\"495\" height=\"400\" src=\"https:\/\/cavalocoaching.com\/wp-content\/uploads\/2023\/01\/CavaloCoaching_Portugal_Anna_Kerckhoff_de_Sacchi_02-495x400.jpg\" class=\"wp-image-3073 avia-img-lazy-loading-not-3073 attachment-portfolio size-portfolio wp-post-image\" alt=\"\" \/><\/a><div class='grid-content'><div class='avia-arrow'><\/div><header class=\"entry-content-header\"><h3 class='grid-entry-title entry-title '  itemprop=\"headline\" ><a href='https:\/\/cavalocoaching.com\/en\/aktuell\/your-personal-retreat\/' title='Your personal retreat'>Your personal retreat<\/a><\/h3><\/header><div class='grid-entry-excerpt entry-content'  itemprop=\"text\" >Individual appointment,  \nLocation either with us in Bar\u00e3o de S\u00e3o Jo\u00e3o, Portugal or with you and your horses<\/div><\/div><footer class=\"entry-footer\"><\/footer><\/article><\/div><div data-ajax-id='4331' class=' grid-entry flex_column isotope-item all_sort no_margin post-entry post-entry-4331 grid-entry-overview grid-loop-4 grid-parity-even  post-entry-last  experience-magic-with-horses_sort requirements_sort  av_one_third first default_av_fullwidth '><article class='main_color inner-entry'  itemscope=\"itemscope\" itemtype=\"https:\/\/schema.org\/CreativeWork\" ><a href=\"https:\/\/cavalocoaching.com\/en\/aktuell\/retreat-journey-to-your-true-self\/\" title='RETREAT &#8211; Journey to your true self'  data-rel='grid-1' class='grid-image avia-hover-fx'> <img decoding=\"async\" width=\"495\" height=\"400\" src=\"https:\/\/cavalocoaching.com\/wp-content\/uploads\/2023\/01\/joelle_serpa_sitzend-495x400.jpg\" class=\"wp-image-2631 avia-img-lazy-loading-not-2631 attachment-portfolio size-portfolio wp-post-image\" alt=\"\" srcset=\"https:\/\/cavalocoaching.com\/wp-content\/uploads\/2023\/01\/joelle_serpa_sitzend-495x400.jpg 495w, https:\/\/cavalocoaching.com\/wp-content\/uploads\/2023\/01\/joelle_serpa_sitzend-845x684.jpg 845w\" sizes=\"(max-width: 495px) 100vw, 495px\" \/><\/a><div class='grid-content'><div class='avia-arrow'><\/div><header class=\"entry-content-header\"><h3 class='grid-entry-title entry-title '  itemprop=\"headline\" ><a href='https:\/\/cavalocoaching.com\/en\/aktuell\/retreat-journey-to-your-true-self\/' title='RETREAT &#8211; Journey to your true self'>RETREAT &#8211; Journey to your true self<\/a><\/h3><\/header><div class='grid-entry-excerpt entry-content'  itemprop=\"text\" >October 25 - 31, 2025, Bar\u00e3o de S\u00e3o Jo\u00e3o, Algarve\/Portugal<\/div><\/div><footer class=\"entry-footer\"><\/footer><\/article><\/div><\/div><\/div>   <!--   class=\"av-portfolio-grid-sorting-container\"  --><\/p><\/div>\n","protected":false},"excerpt":{"rendered":"<p>Experience magic with horses &#8211; retreats and equine coaching in Portugal<\/p>\n","protected":false},"author":1,"featured_media":2629,"parent":3394,"menu_order":1,"comment_status":"closed","ping_status":"closed","template":"","meta":{"footnotes":""},"class_list":["post-3437","page","type-page","status-publish","has-post-thumbnail","hentry"],"yoast_head":"<!-- This site is optimized with the Yoast SEO Premium plugin v25.1 (Yoast SEO v25.1) - https:\/\/yoast.com\/wordpress\/plugins\/seo\/ -->\n<title>Experience magic with horses - Cavalo Coaching Portugal<\/title>\n<meta name=\"robots\" content=\"index, follow, max-snippet:-1, max-image-preview:large, max-video-preview:-1\" \/>\n<link rel=\"canonical\" href=\"https:\/\/cavalocoaching.com\/en\/equine-assisted-coaching-in-portugal\/experience-magic-with-horses\/\" \/>\n<meta property=\"og:locale\" content=\"en_US\" \/>\n<meta property=\"og:type\" content=\"article\" \/>\n<meta property=\"og:title\" content=\"Experience magic with horses\" \/>\n<meta property=\"og:description\" content=\"Experience magic with horses - retreats and equine coaching in Portugal\" \/>\n<meta property=\"og:url\" content=\"https:\/\/cavalocoaching.com\/en\/equine-assisted-coaching-in-portugal\/experience-magic-with-horses\/\" \/>\n<meta property=\"og:site_name\" content=\"Cavalo Coaching Portugal\" \/>\n<meta property=\"article:publisher\" content=\"https:\/\/www.facebook.com\/EquuscoachingLifeCoachingWithHorses\/\" \/>\n<meta property=\"article:modified_time\" content=\"2023-03-13T19:57:29+00:00\" \/>\n<meta property=\"og:image\" content=\"https:\/\/cavalocoaching.com\/wp-content\/uploads\/2023\/01\/CavaloCoaching_Gemeinschaft_Portugal_01.jpeg\" \/>\n\t<meta property=\"og:image:width\" content=\"750\" \/>\n\t<meta property=\"og:image:height\" content=\"500\" \/>\n\t<meta property=\"og:image:type\" content=\"image\/jpeg\" \/>\n<meta name=\"twitter:card\" content=\"summary_large_image\" \/>\n<meta name=\"twitter:label1\" content=\"Est. reading time\" \/>\n\t<meta name=\"twitter:data1\" content=\"3 minutes\" \/>\n<script type=\"application\/ld+json\" class=\"yoast-schema-graph\">{\"@context\":\"https:\/\/schema.org\",\"@graph\":[{\"@type\":\"WebPage\",\"@id\":\"https:\/\/cavalocoaching.com\/en\/equine-assisted-coaching-in-portugal\/experience-magic-with-horses\/\",\"url\":\"https:\/\/cavalocoaching.com\/en\/equine-assisted-coaching-in-portugal\/experience-magic-with-horses\/\",\"name\":\"Experience magic with horses - Cavalo Coaching Portugal\",\"isPartOf\":{\"@id\":\"https:\/\/cavalocoaching.com\/en\/#website\"},\"primaryImageOfPage\":{\"@id\":\"https:\/\/cavalocoaching.com\/en\/equine-assisted-coaching-in-portugal\/experience-magic-with-horses\/#primaryimage\"},\"image\":{\"@id\":\"https:\/\/cavalocoaching.com\/en\/equine-assisted-coaching-in-portugal\/experience-magic-with-horses\/#primaryimage\"},\"thumbnailUrl\":\"https:\/\/cavalocoaching.com\/wp-content\/uploads\/2023\/01\/CavaloCoaching_Gemeinschaft_Portugal_01.jpeg\",\"datePublished\":\"2023-01-11T19:32:06+00:00\",\"dateModified\":\"2023-03-13T19:57:29+00:00\",\"breadcrumb\":{\"@id\":\"https:\/\/cavalocoaching.com\/en\/equine-assisted-coaching-in-portugal\/experience-magic-with-horses\/#breadcrumb\"},\"inLanguage\":\"en-US\",\"potentialAction\":[{\"@type\":\"ReadAction\",\"target\":[\"https:\/\/cavalocoaching.com\/en\/equine-assisted-coaching-in-portugal\/experience-magic-with-horses\/\"]}]},{\"@type\":\"ImageObject\",\"inLanguage\":\"en-US\",\"@id\":\"https:\/\/cavalocoaching.com\/en\/equine-assisted-coaching-in-portugal\/experience-magic-with-horses\/#primaryimage\",\"url\":\"https:\/\/cavalocoaching.com\/wp-content\/uploads\/2023\/01\/CavaloCoaching_Gemeinschaft_Portugal_01.jpeg\",\"contentUrl\":\"https:\/\/cavalocoaching.com\/wp-content\/uploads\/2023\/01\/CavaloCoaching_Gemeinschaft_Portugal_01.jpeg\",\"width\":750,\"height\":500,\"caption\":\"F\u00fcr Leib und Seele ist gesorgt.\"},{\"@type\":\"BreadcrumbList\",\"@id\":\"https:\/\/cavalocoaching.com\/en\/equine-assisted-coaching-in-portugal\/experience-magic-with-horses\/#breadcrumb\",\"itemListElement\":[{\"@type\":\"ListItem\",\"position\":1,\"name\":\"Startseite\",\"item\":\"https:\/\/cavalocoaching.com\/en\/equine-assisted-coaching-in-portugal\/\"},{\"@type\":\"ListItem\",\"position\":2,\"name\":\"Home\",\"item\":\"https:\/\/cavalocoaching.com\/en\/equine-assisted-coaching-in-portugal\/\"},{\"@type\":\"ListItem\",\"position\":3,\"name\":\"Experience magic with horses\"}]},{\"@type\":\"WebSite\",\"@id\":\"https:\/\/cavalocoaching.com\/en\/#website\",\"url\":\"https:\/\/cavalocoaching.com\/en\/\",\"name\":\"Cavalo Coaching Portugal\",\"description\":\"Pferdegest\u00fctztes Coaching an der Algarve | Ausbildung, Retreats, Kurse &amp; Workshops\",\"publisher\":{\"@id\":\"https:\/\/cavalocoaching.com\/en\/#\/schema\/person\/582505d0acc40f9d26f1aad67b492c0e\"},\"potentialAction\":[{\"@type\":\"SearchAction\",\"target\":{\"@type\":\"EntryPoint\",\"urlTemplate\":\"https:\/\/cavalocoaching.com\/en\/?s={search_term_string}\"},\"query-input\":{\"@type\":\"PropertyValueSpecification\",\"valueRequired\":true,\"valueName\":\"search_term_string\"}}],\"inLanguage\":\"en-US\"},{\"@type\":[\"Person\",\"Organization\"],\"@id\":\"https:\/\/cavalocoaching.com\/en\/#\/schema\/person\/582505d0acc40f9d26f1aad67b492c0e\",\"name\":\"Anna Kerckhoff de Sacchi\",\"image\":{\"@type\":\"ImageObject\",\"inLanguage\":\"en-US\",\"@id\":\"https:\/\/cavalocoaching.com\/en\/#\/schema\/person\/image\/\",\"url\":\"https:\/\/secure.gravatar.com\/avatar\/971c8f058a8563385ebdd77f19109e259ecb6571501cde1fc5bba75d589033e5?s=96&d=mm&r=g\",\"contentUrl\":\"https:\/\/secure.gravatar.com\/avatar\/971c8f058a8563385ebdd77f19109e259ecb6571501cde1fc5bba75d589033e5?s=96&d=mm&r=g\",\"caption\":\"Anna Kerckhoff de Sacchi\"},\"logo\":{\"@id\":\"https:\/\/cavalocoaching.com\/en\/#\/schema\/person\/image\/\"},\"sameAs\":[\"https:\/\/cavalocoaching.com\",\"https:\/\/www.facebook.com\/EquuscoachingLifeCoachingWithHorses\/\"]}]}<\/script>\n<!-- \/ Yoast SEO Premium plugin. -->","yoast_head_json":{"title":"Experience magic with horses - Cavalo Coaching Portugal","robots":{"index":"index","follow":"follow","max-snippet":"max-snippet:-1","max-image-preview":"max-image-preview:large","max-video-preview":"max-video-preview:-1"},"canonical":"https:\/\/cavalocoaching.com\/en\/equine-assisted-coaching-in-portugal\/experience-magic-with-horses\/","og_locale":"en_US","og_type":"article","og_title":"Experience magic with horses","og_description":"Experience magic with horses - retreats and equine coaching in Portugal","og_url":"https:\/\/cavalocoaching.com\/en\/equine-assisted-coaching-in-portugal\/experience-magic-with-horses\/","og_site_name":"Cavalo Coaching Portugal","article_publisher":"https:\/\/www.facebook.com\/EquuscoachingLifeCoachingWithHorses\/","article_modified_time":"2023-03-13T19:57:29+00:00","og_image":[{"width":750,"height":500,"url":"https:\/\/cavalocoaching.com\/wp-content\/uploads\/2023\/01\/CavaloCoaching_Gemeinschaft_Portugal_01.jpeg","type":"image\/jpeg"}],"twitter_card":"summary_large_image","twitter_misc":{"Est. reading time":"3 minutes"},"schema":{"@context":"https:\/\/schema.org","@graph":[{"@type":"WebPage","@id":"https:\/\/cavalocoaching.com\/en\/equine-assisted-coaching-in-portugal\/experience-magic-with-horses\/","url":"https:\/\/cavalocoaching.com\/en\/equine-assisted-coaching-in-portugal\/experience-magic-with-horses\/","name":"Experience magic with horses - Cavalo Coaching Portugal","isPartOf":{"@id":"https:\/\/cavalocoaching.com\/en\/#website"},"primaryImageOfPage":{"@id":"https:\/\/cavalocoaching.com\/en\/equine-assisted-coaching-in-portugal\/experience-magic-with-horses\/#primaryimage"},"image":{"@id":"https:\/\/cavalocoaching.com\/en\/equine-assisted-coaching-in-portugal\/experience-magic-with-horses\/#primaryimage"},"thumbnailUrl":"https:\/\/cavalocoaching.com\/wp-content\/uploads\/2023\/01\/CavaloCoaching_Gemeinschaft_Portugal_01.jpeg","datePublished":"2023-01-11T19:32:06+00:00","dateModified":"2023-03-13T19:57:29+00:00","breadcrumb":{"@id":"https:\/\/cavalocoaching.com\/en\/equine-assisted-coaching-in-portugal\/experience-magic-with-horses\/#breadcrumb"},"inLanguage":"en-US","potentialAction":[{"@type":"ReadAction","target":["https:\/\/cavalocoaching.com\/en\/equine-assisted-coaching-in-portugal\/experience-magic-with-horses\/"]}]},{"@type":"ImageObject","inLanguage":"en-US","@id":"https:\/\/cavalocoaching.com\/en\/equine-assisted-coaching-in-portugal\/experience-magic-with-horses\/#primaryimage","url":"https:\/\/cavalocoaching.com\/wp-content\/uploads\/2023\/01\/CavaloCoaching_Gemeinschaft_Portugal_01.jpeg","contentUrl":"https:\/\/cavalocoaching.com\/wp-content\/uploads\/2023\/01\/CavaloCoaching_Gemeinschaft_Portugal_01.jpeg","width":750,"height":500,"caption":"F\u00fcr Leib und Seele ist gesorgt."},{"@type":"BreadcrumbList","@id":"https:\/\/cavalocoaching.com\/en\/equine-assisted-coaching-in-portugal\/experience-magic-with-horses\/#breadcrumb","itemListElement":[{"@type":"ListItem","position":1,"name":"Startseite","item":"https:\/\/cavalocoaching.com\/en\/equine-assisted-coaching-in-portugal\/"},{"@type":"ListItem","position":2,"name":"Home","item":"https:\/\/cavalocoaching.com\/en\/equine-assisted-coaching-in-portugal\/"},{"@type":"ListItem","position":3,"name":"Experience magic with horses"}]},{"@type":"WebSite","@id":"https:\/\/cavalocoaching.com\/en\/#website","url":"https:\/\/cavalocoaching.com\/en\/","name":"Cavalo Coaching Portugal","description":"Pferdegest\u00fctztes Coaching an der Algarve | Ausbildung, Retreats, Kurse &amp; Workshops","publisher":{"@id":"https:\/\/cavalocoaching.com\/en\/#\/schema\/person\/582505d0acc40f9d26f1aad67b492c0e"},"potentialAction":[{"@type":"SearchAction","target":{"@type":"EntryPoint","urlTemplate":"https:\/\/cavalocoaching.com\/en\/?s={search_term_string}"},"query-input":{"@type":"PropertyValueSpecification","valueRequired":true,"valueName":"search_term_string"}}],"inLanguage":"en-US"},{"@type":["Person","Organization"],"@id":"https:\/\/cavalocoaching.com\/en\/#\/schema\/person\/582505d0acc40f9d26f1aad67b492c0e","name":"Anna Kerckhoff de Sacchi","image":{"@type":"ImageObject","inLanguage":"en-US","@id":"https:\/\/cavalocoaching.com\/en\/#\/schema\/person\/image\/","url":"https:\/\/secure.gravatar.com\/avatar\/971c8f058a8563385ebdd77f19109e259ecb6571501cde1fc5bba75d589033e5?s=96&d=mm&r=g","contentUrl":"https:\/\/secure.gravatar.com\/avatar\/971c8f058a8563385ebdd77f19109e259ecb6571501cde1fc5bba75d589033e5?s=96&d=mm&r=g","caption":"Anna Kerckhoff de Sacchi"},"logo":{"@id":"https:\/\/cavalocoaching.com\/en\/#\/schema\/person\/image\/"},"sameAs":["https:\/\/cavalocoaching.com","https:\/\/www.facebook.com\/EquuscoachingLifeCoachingWithHorses\/"]}]}},"_links":{"self":[{"href":"https:\/\/cavalocoaching.com\/en\/wp-json\/wp\/v2\/pages\/3437","targetHints":{"allow":["GET"]}}],"collection":[{"href":"https:\/\/cavalocoaching.com\/en\/wp-json\/wp\/v2\/pages"}],"about":[{"href":"https:\/\/cavalocoaching.com\/en\/wp-json\/wp\/v2\/types\/page"}],"author":[{"embeddable":true,"href":"https:\/\/cavalocoaching.com\/en\/wp-json\/wp\/v2\/users\/1"}],"replies":[{"embeddable":true,"href":"https:\/\/cavalocoaching.com\/en\/wp-json\/wp\/v2\/comments?post=3437"}],"version-history":[{"count":9,"href":"https:\/\/cavalocoaching.com\/en\/wp-json\/wp\/v2\/pages\/3437\/revisions"}],"predecessor-version":[{"id":3658,"href":"https:\/\/cavalocoaching.com\/en\/wp-json\/wp\/v2\/pages\/3437\/revisions\/3658"}],"up":[{"embeddable":true,"href":"https:\/\/cavalocoaching.com\/en\/wp-json\/wp\/v2\/pages\/3394"}],"wp:featuredmedia":[{"embeddable":true,"href":"https:\/\/cavalocoaching.com\/en\/wp-json\/wp\/v2\/media\/2629"}],"wp:attachment":[{"href":"https:\/\/cavalocoaching.com\/en\/wp-json\/wp\/v2\/media?parent=3437"}],"curies":[{"name":"wp","href":"https:\/\/api.w.org\/{rel}","templated":true}]}}