{"id":3562,"date":"2023-01-31T14:59:21","date_gmt":"2023-01-31T14:59:21","guid":{"rendered":"https:\/\/cavalocoaching.com\/accommodation\/"},"modified":"2024-12-03T12:04:27","modified_gmt":"2024-12-03T12:04:27","slug":"accommodation","status":"publish","type":"page","link":"https:\/\/cavalocoaching.com\/en\/accommodation\/","title":{"rendered":"Accommodation"},"content":{"rendered":"<div class='flex_column av-a3v33-47e75c08a5e0a66a127c381f107239d6 av_one_full  avia-builder-el-0  avia-builder-el-no-sibling  first flex_column_div '     ><p>\n<style type=\"text\/css\" data-created_by=\"avia_inline_auto\" id=\"style-css-av-ldsu7jj9-e04a14e9ccf728a13e2aa0b13fb804d5\">\n#top .av-special-heading.av-ldsu7jj9-e04a14e9ccf728a13e2aa0b13fb804d5{\npadding-bottom:10px;\n}\nbody .av-special-heading.av-ldsu7jj9-e04a14e9ccf728a13e2aa0b13fb804d5 .av-special-heading-tag .heading-char{\nfont-size:25px;\n}\n.av-special-heading.av-ldsu7jj9-e04a14e9ccf728a13e2aa0b13fb804d5 .av-subheading{\nfont-size:15px;\n}\n<\/style>\n<div  class='av-special-heading av-ldsu7jj9-e04a14e9ccf728a13e2aa0b13fb804d5 av-special-heading-h1 blockquote modern-quote  avia-builder-el-1  el_before_av_textblock  avia-builder-el-first '><h1 class='av-special-heading-tag'  itemprop=\"headline\"  >Accommodation at a glance<\/h1><div class='av-subheading av-subheading_below'><p>in Bar\u00e3o de S\u00e3o Jo\u00e3o (our location) or Burgau (by the sea)<\/p>\n<\/div><div class=\"special-heading-border\"><div class=\"special-heading-inner-border\"><\/div><\/div><\/div><br \/>\n<section  class='av_textblock_section av-ldsubkrj-38b90f45e7461bd119049a31ebc2a59e'  itemscope=\"itemscope\" itemtype=\"https:\/\/schema.org\/CreativeWork\" ><div class='avia_textblock'  itemprop=\"text\" ><p>Choose one of our accommodations for an unforgettable vacation in the Algarve. We offer two beautiful vacation apartments in the pretty fishing village of Burgau, close to the beach. Here you will experience sea &amp; magic with horses all in one day. A car is recommended for the 15-20 minute drive from Burgau to Barao to the horses.<\/p>\n<p>In Bar\u00e3o de S\u00e3o Jo\u00e3o, the great advantage is the walking distance to our location. For retreats and courses we organize accommodation for all participants in a nice tourism nearby. For individual stays, we are happy to help with contacting various options.<\/p>\n<\/div><\/section><br \/>\n<div  id=\"av-sc-portfolio-1\"  class=\"av-portfolio-grid-sorting-container\"><div class='sort_width_container  av-sort-yes' data-portfolio-id='1' ><div id='js_sort_items' ><div class='sort_by_cat hidden'><a href=\"#\" data-filter=\"all_sort\" class=\"all_sort_button active_sort\"><span class=\"inner_sort_button\"><span>All<\/span><small class=\"av-cat-count\"> 2 <\/small><\/span><\/a><span class=\"text-sep accommodation_sort_sep\">\/<\/span><a href=\"#\" data-filter=\"accommodation_sort\" class=\"accommodation_sort_button\" ><span class=\"inner_sort_button\"><span>Accommodation<\/span><small class=\"av-cat-count\"> 2 <\/small><\/span><\/a><\/div><\/div><\/div><div  class=' grid-sort-container isotope   no_margin-container with-excerpt-container grid-total-even grid-col-3 grid-links-' data-portfolio-id='1'><div data-ajax-id='3548' class=' grid-entry flex_column isotope-item all_sort no_margin post-entry post-entry-3548 grid-entry-overview grid-loop-1 grid-parity-odd  accommodation_sort  av_one_third first default_av_fullwidth '><article class='main_color inner-entry'  itemscope=\"itemscope\" itemtype=\"https:\/\/schema.org\/CreativeWork\" ><a href=\"https:\/\/cavalocoaching.com\/en\/aktuell\/vista-mar-apt-burgau\/\" title='Vista Mar (apt.), Burgau'  data-rel='grid-1' class='grid-image avia-hover-fx'> <img decoding=\"async\" width=\"495\" height=\"400\" src=\"https:\/\/cavalocoaching.com\/wp-content\/uploads\/2023\/02\/Balcony-scaled-e1678727398774-495x400.jpg\" class=\"wp-image-2731 avia-img-lazy-loading-not-2731 attachment-portfolio size-portfolio wp-post-image\" alt=\"\" srcset=\"https:\/\/cavalocoaching.com\/wp-content\/uploads\/2023\/02\/Balcony-scaled-e1678727398774-495x400.jpg 495w, https:\/\/cavalocoaching.com\/wp-content\/uploads\/2023\/02\/Balcony-scaled-e1678727398774-845x684.jpg 845w\" sizes=\"(max-width: 495px) 100vw, 495px\" \/><\/a><div class='grid-content'><div class='avia-arrow'><\/div><header class=\"entry-content-header\"><h3 class='grid-entry-title entry-title '  itemprop=\"headline\" ><a href='https:\/\/cavalocoaching.com\/en\/aktuell\/vista-mar-apt-burgau\/' title='Vista Mar (apt.), Burgau'>Vista Mar (apt.), Burgau<\/a><\/h3><\/header><div class='grid-entry-excerpt entry-content'  itemprop=\"text\" >Our vacation apartment with 2 bedrooms, 3 beds, mini balcony and sea view in Burgau.<\/div><\/div><footer class=\"entry-footer\"><\/footer><\/article><\/div><div data-ajax-id='3555' class=' grid-entry flex_column isotope-item all_sort no_margin post-entry post-entry-3555 grid-entry-overview grid-loop-2 grid-parity-even  post-entry-last  accommodation_sort  av_one_third  default_av_fullwidth '><article class='main_color inner-entry'  itemscope=\"itemscope\" itemtype=\"https:\/\/schema.org\/CreativeWork\" ><a href=\"https:\/\/cavalocoaching.com\/en\/aktuell\/accommodation-in-barao-de-sao-joao\/\" title='Accommodation in Bar\u00e3o de S\u00e3o Jo\u00e3o'  data-rel='grid-1' class='grid-image avia-hover-fx'> <img decoding=\"async\" width=\"495\" height=\"400\" src=\"https:\/\/cavalocoaching.com\/wp-content\/uploads\/2023\/02\/DSC_0021-scaled-e1678726777196-495x400.jpg\" class=\"wp-image-2921 avia-img-lazy-loading-not-2921 attachment-portfolio size-portfolio wp-post-image\" alt=\"Barao de Sao Joao\" srcset=\"https:\/\/cavalocoaching.com\/wp-content\/uploads\/2023\/02\/DSC_0021-scaled-e1678726777196-495x400.jpg 495w, https:\/\/cavalocoaching.com\/wp-content\/uploads\/2023\/02\/DSC_0021-scaled-e1678726777196-845x684.jpg 845w\" sizes=\"(max-width: 495px) 100vw, 495px\" \/><\/a><div class='grid-content'><div class='avia-arrow'><\/div><header class=\"entry-content-header\"><h3 class='grid-entry-title entry-title '  itemprop=\"headline\" ><a href='https:\/\/cavalocoaching.com\/en\/aktuell\/accommodation-in-barao-de-sao-joao\/' title='Accommodation in Bar\u00e3o de S\u00e3o Jo\u00e3o'>Accommodation in Bar\u00e3o de S\u00e3o Jo\u00e3o<\/a><\/h3><\/header><div class='grid-entry-excerpt entry-content'  itemprop=\"text\" >directly at our location - ideal when booking the training or a retreat<\/div><\/div><footer class=\"entry-footer\"><\/footer><\/article><\/div><\/div><\/div>   <!--   class=\"av-portfolio-grid-sorting-container\"  --><\/p><\/div>\n","protected":false},"excerpt":{"rendered":"<p>Our accommodations at a glance, Algarve\/ Portugal<\/p>\n","protected":false},"author":1,"featured_media":2923,"parent":0,"menu_order":4,"comment_status":"closed","ping_status":"closed","template":"","meta":{"footnotes":""},"class_list":["post-3562","page","type-page","status-publish","has-post-thumbnail","hentry"],"yoast_head":"<!-- This site is optimized with the Yoast SEO Premium plugin v25.1 (Yoast SEO v25.1) - https:\/\/yoast.com\/wordpress\/plugins\/seo\/ -->\n<title>Accommodation - Cavalo Coaching Portugal<\/title>\n<meta name=\"robots\" content=\"index, follow, max-snippet:-1, max-image-preview:large, max-video-preview:-1\" \/>\n<link rel=\"canonical\" href=\"https:\/\/cavalocoaching.com\/en\/accommodation\/\" \/>\n<meta property=\"og:locale\" content=\"en_US\" \/>\n<meta property=\"og:type\" content=\"article\" \/>\n<meta property=\"og:title\" content=\"Accommodation\" \/>\n<meta property=\"og:description\" content=\"Our accommodations at a glance, Algarve\/ Portugal\" \/>\n<meta property=\"og:url\" content=\"https:\/\/cavalocoaching.com\/en\/accommodation\/\" \/>\n<meta property=\"og:site_name\" content=\"Cavalo Coaching Portugal\" \/>\n<meta property=\"article:publisher\" content=\"https:\/\/www.facebook.com\/EquuscoachingLifeCoachingWithHorses\/\" \/>\n<meta property=\"article:modified_time\" content=\"2024-12-03T12:04:27+00:00\" \/>\n<meta property=\"og:image\" content=\"https:\/\/cavalocoaching.com\/wp-content\/uploads\/2023\/02\/burgau-scaled-e1678726765667-1030x476.jpg\" \/>\n\t<meta property=\"og:image:width\" content=\"1030\" \/>\n\t<meta property=\"og:image:height\" content=\"476\" \/>\n\t<meta property=\"og:image:type\" content=\"image\/jpeg\" \/>\n<meta name=\"twitter:card\" content=\"summary_large_image\" \/>\n<meta name=\"twitter:label1\" content=\"Est. reading time\" \/>\n\t<meta name=\"twitter:data1\" content=\"4 minutes\" \/>\n<script type=\"application\/ld+json\" class=\"yoast-schema-graph\">{\"@context\":\"https:\/\/schema.org\",\"@graph\":[{\"@type\":\"WebPage\",\"@id\":\"https:\/\/cavalocoaching.com\/en\/accommodation\/\",\"url\":\"https:\/\/cavalocoaching.com\/en\/accommodation\/\",\"name\":\"Accommodation - Cavalo Coaching Portugal\",\"isPartOf\":{\"@id\":\"https:\/\/cavalocoaching.com\/en\/#website\"},\"primaryImageOfPage\":{\"@id\":\"https:\/\/cavalocoaching.com\/en\/accommodation\/#primaryimage\"},\"image\":{\"@id\":\"https:\/\/cavalocoaching.com\/en\/accommodation\/#primaryimage\"},\"thumbnailUrl\":\"https:\/\/cavalocoaching.com\/wp-content\/uploads\/2023\/02\/burgau-scaled-e1678726765667.jpg\",\"datePublished\":\"2023-01-31T14:59:21+00:00\",\"dateModified\":\"2024-12-03T12:04:27+00:00\",\"breadcrumb\":{\"@id\":\"https:\/\/cavalocoaching.com\/en\/accommodation\/#breadcrumb\"},\"inLanguage\":\"en-US\",\"potentialAction\":[{\"@type\":\"ReadAction\",\"target\":[\"https:\/\/cavalocoaching.com\/en\/accommodation\/\"]}]},{\"@type\":\"ImageObject\",\"inLanguage\":\"en-US\",\"@id\":\"https:\/\/cavalocoaching.com\/en\/accommodation\/#primaryimage\",\"url\":\"https:\/\/cavalocoaching.com\/wp-content\/uploads\/2023\/02\/burgau-scaled-e1678726765667.jpg\",\"contentUrl\":\"https:\/\/cavalocoaching.com\/wp-content\/uploads\/2023\/02\/burgau-scaled-e1678726765667.jpg\",\"width\":1200,\"height\":554,\"caption\":\"Burgau Strand\"},{\"@type\":\"BreadcrumbList\",\"@id\":\"https:\/\/cavalocoaching.com\/en\/accommodation\/#breadcrumb\",\"itemListElement\":[{\"@type\":\"ListItem\",\"position\":1,\"name\":\"Startseite\",\"item\":\"https:\/\/cavalocoaching.com\/en\/equine-assisted-coaching-in-portugal\/\"},{\"@type\":\"ListItem\",\"position\":2,\"name\":\"Accommodation\"}]},{\"@type\":\"WebSite\",\"@id\":\"https:\/\/cavalocoaching.com\/en\/#website\",\"url\":\"https:\/\/cavalocoaching.com\/en\/\",\"name\":\"Cavalo Coaching Portugal\",\"description\":\"Pferdegest\u00fctztes Coaching an der Algarve | Ausbildung, Retreats, Kurse &amp; Workshops\",\"publisher\":{\"@id\":\"https:\/\/cavalocoaching.com\/en\/#\/schema\/person\/582505d0acc40f9d26f1aad67b492c0e\"},\"potentialAction\":[{\"@type\":\"SearchAction\",\"target\":{\"@type\":\"EntryPoint\",\"urlTemplate\":\"https:\/\/cavalocoaching.com\/en\/?s={search_term_string}\"},\"query-input\":{\"@type\":\"PropertyValueSpecification\",\"valueRequired\":true,\"valueName\":\"search_term_string\"}}],\"inLanguage\":\"en-US\"},{\"@type\":[\"Person\",\"Organization\"],\"@id\":\"https:\/\/cavalocoaching.com\/en\/#\/schema\/person\/582505d0acc40f9d26f1aad67b492c0e\",\"name\":\"Anna Kerckhoff de Sacchi\",\"image\":{\"@type\":\"ImageObject\",\"inLanguage\":\"en-US\",\"@id\":\"https:\/\/cavalocoaching.com\/en\/#\/schema\/person\/image\/\",\"url\":\"https:\/\/secure.gravatar.com\/avatar\/971c8f058a8563385ebdd77f19109e259ecb6571501cde1fc5bba75d589033e5?s=96&d=mm&r=g\",\"contentUrl\":\"https:\/\/secure.gravatar.com\/avatar\/971c8f058a8563385ebdd77f19109e259ecb6571501cde1fc5bba75d589033e5?s=96&d=mm&r=g\",\"caption\":\"Anna Kerckhoff de Sacchi\"},\"logo\":{\"@id\":\"https:\/\/cavalocoaching.com\/en\/#\/schema\/person\/image\/\"},\"sameAs\":[\"https:\/\/cavalocoaching.com\",\"https:\/\/www.facebook.com\/EquuscoachingLifeCoachingWithHorses\/\"]}]}<\/script>\n<!-- \/ Yoast SEO Premium plugin. -->","yoast_head_json":{"title":"Accommodation - Cavalo Coaching Portugal","robots":{"index":"index","follow":"follow","max-snippet":"max-snippet:-1","max-image-preview":"max-image-preview:large","max-video-preview":"max-video-preview:-1"},"canonical":"https:\/\/cavalocoaching.com\/en\/accommodation\/","og_locale":"en_US","og_type":"article","og_title":"Accommodation","og_description":"Our accommodations at a glance, Algarve\/ Portugal","og_url":"https:\/\/cavalocoaching.com\/en\/accommodation\/","og_site_name":"Cavalo Coaching Portugal","article_publisher":"https:\/\/www.facebook.com\/EquuscoachingLifeCoachingWithHorses\/","article_modified_time":"2024-12-03T12:04:27+00:00","og_image":[{"width":1030,"height":476,"url":"https:\/\/cavalocoaching.com\/wp-content\/uploads\/2023\/02\/burgau-scaled-e1678726765667-1030x476.jpg","type":"image\/jpeg"}],"twitter_card":"summary_large_image","twitter_misc":{"Est. reading time":"4 minutes"},"schema":{"@context":"https:\/\/schema.org","@graph":[{"@type":"WebPage","@id":"https:\/\/cavalocoaching.com\/en\/accommodation\/","url":"https:\/\/cavalocoaching.com\/en\/accommodation\/","name":"Accommodation - Cavalo Coaching Portugal","isPartOf":{"@id":"https:\/\/cavalocoaching.com\/en\/#website"},"primaryImageOfPage":{"@id":"https:\/\/cavalocoaching.com\/en\/accommodation\/#primaryimage"},"image":{"@id":"https:\/\/cavalocoaching.com\/en\/accommodation\/#primaryimage"},"thumbnailUrl":"https:\/\/cavalocoaching.com\/wp-content\/uploads\/2023\/02\/burgau-scaled-e1678726765667.jpg","datePublished":"2023-01-31T14:59:21+00:00","dateModified":"2024-12-03T12:04:27+00:00","breadcrumb":{"@id":"https:\/\/cavalocoaching.com\/en\/accommodation\/#breadcrumb"},"inLanguage":"en-US","potentialAction":[{"@type":"ReadAction","target":["https:\/\/cavalocoaching.com\/en\/accommodation\/"]}]},{"@type":"ImageObject","inLanguage":"en-US","@id":"https:\/\/cavalocoaching.com\/en\/accommodation\/#primaryimage","url":"https:\/\/cavalocoaching.com\/wp-content\/uploads\/2023\/02\/burgau-scaled-e1678726765667.jpg","contentUrl":"https:\/\/cavalocoaching.com\/wp-content\/uploads\/2023\/02\/burgau-scaled-e1678726765667.jpg","width":1200,"height":554,"caption":"Burgau Strand"},{"@type":"BreadcrumbList","@id":"https:\/\/cavalocoaching.com\/en\/accommodation\/#breadcrumb","itemListElement":[{"@type":"ListItem","position":1,"name":"Startseite","item":"https:\/\/cavalocoaching.com\/en\/equine-assisted-coaching-in-portugal\/"},{"@type":"ListItem","position":2,"name":"Accommodation"}]},{"@type":"WebSite","@id":"https:\/\/cavalocoaching.com\/en\/#website","url":"https:\/\/cavalocoaching.com\/en\/","name":"Cavalo Coaching Portugal","description":"Pferdegest\u00fctztes Coaching an der Algarve | Ausbildung, Retreats, Kurse &amp; Workshops","publisher":{"@id":"https:\/\/cavalocoaching.com\/en\/#\/schema\/person\/582505d0acc40f9d26f1aad67b492c0e"},"potentialAction":[{"@type":"SearchAction","target":{"@type":"EntryPoint","urlTemplate":"https:\/\/cavalocoaching.com\/en\/?s={search_term_string}"},"query-input":{"@type":"PropertyValueSpecification","valueRequired":true,"valueName":"search_term_string"}}],"inLanguage":"en-US"},{"@type":["Person","Organization"],"@id":"https:\/\/cavalocoaching.com\/en\/#\/schema\/person\/582505d0acc40f9d26f1aad67b492c0e","name":"Anna Kerckhoff de Sacchi","image":{"@type":"ImageObject","inLanguage":"en-US","@id":"https:\/\/cavalocoaching.com\/en\/#\/schema\/person\/image\/","url":"https:\/\/secure.gravatar.com\/avatar\/971c8f058a8563385ebdd77f19109e259ecb6571501cde1fc5bba75d589033e5?s=96&d=mm&r=g","contentUrl":"https:\/\/secure.gravatar.com\/avatar\/971c8f058a8563385ebdd77f19109e259ecb6571501cde1fc5bba75d589033e5?s=96&d=mm&r=g","caption":"Anna Kerckhoff de Sacchi"},"logo":{"@id":"https:\/\/cavalocoaching.com\/en\/#\/schema\/person\/image\/"},"sameAs":["https:\/\/cavalocoaching.com","https:\/\/www.facebook.com\/EquuscoachingLifeCoachingWithHorses\/"]}]}},"_links":{"self":[{"href":"https:\/\/cavalocoaching.com\/en\/wp-json\/wp\/v2\/pages\/3562","targetHints":{"allow":["GET"]}}],"collection":[{"href":"https:\/\/cavalocoaching.com\/en\/wp-json\/wp\/v2\/pages"}],"about":[{"href":"https:\/\/cavalocoaching.com\/en\/wp-json\/wp\/v2\/types\/page"}],"author":[{"embeddable":true,"href":"https:\/\/cavalocoaching.com\/en\/wp-json\/wp\/v2\/users\/1"}],"replies":[{"embeddable":true,"href":"https:\/\/cavalocoaching.com\/en\/wp-json\/wp\/v2\/comments?post=3562"}],"version-history":[{"count":7,"href":"https:\/\/cavalocoaching.com\/en\/wp-json\/wp\/v2\/pages\/3562\/revisions"}],"predecessor-version":[{"id":4254,"href":"https:\/\/cavalocoaching.com\/en\/wp-json\/wp\/v2\/pages\/3562\/revisions\/4254"}],"wp:featuredmedia":[{"embeddable":true,"href":"https:\/\/cavalocoaching.com\/en\/wp-json\/wp\/v2\/media\/2923"}],"wp:attachment":[{"href":"https:\/\/cavalocoaching.com\/en\/wp-json\/wp\/v2\/media?parent=3562"}],"curies":[{"name":"wp","href":"https:\/\/api.w.org\/{rel}","templated":true}]}}