{"id":3742,"date":"2023-02-02T19:58:22","date_gmt":"2023-02-02T19:58:22","guid":{"rendered":"https:\/\/cavalocoaching.com\/gtc\/"},"modified":"2023-03-16T06:39:53","modified_gmt":"2023-03-16T06:39:53","slug":"gtc","status":"publish","type":"page","link":"https:\/\/cavalocoaching.com\/en\/gtc\/","title":{"rendered":"GTC"},"content":{"rendered":"<div class='flex_column av-96tdo-5e2878953620661e162e2bf5bac0e4a5 av_one_full  avia-builder-el-0  avia-builder-el-no-sibling  first flex_column_div '     ><p>\n<style type=\"text\/css\" data-created_by=\"avia_inline_auto\" id=\"style-css-av-ldngju0q-827b9fd17bc4a59daa0ba1f48d904238\">\n#top .av-special-heading.av-ldngju0q-827b9fd17bc4a59daa0ba1f48d904238{\npadding-bottom:10px;\n}\nbody .av-special-heading.av-ldngju0q-827b9fd17bc4a59daa0ba1f48d904238 .av-special-heading-tag .heading-char{\nfont-size:25px;\n}\n.av-special-heading.av-ldngju0q-827b9fd17bc4a59daa0ba1f48d904238 .av-subheading{\nfont-size:15px;\n}\n<\/style>\n<div  class='av-special-heading av-ldngju0q-827b9fd17bc4a59daa0ba1f48d904238 av-special-heading-h1 blockquote modern-quote  avia-builder-el-1  el_before_av_textblock  avia-builder-el-first '><h1 class='av-special-heading-tag'  itemprop=\"headline\"  >Our GTC<\/h1><div class='av-subheading av-subheading_below'><p>General Terms and Conditions, as of 03\/2023<\/p>\n<\/div><div class=\"special-heading-border\"><div class=\"special-heading-inner-border\"><\/div><\/div><\/div><br \/>\n<section  class='av_textblock_section av-ldngmo8f-088c08dd62a77b3921a6d6fe654e7062'  itemscope=\"itemscope\" itemtype=\"https:\/\/schema.org\/CreativeWork\" ><div class='avia_textblock'  itemprop=\"text\" ><p class=\"p2\">The GTC apply to participation in Anna Kerckhoff de Sacchi&#8217;s (Organizer) offered services and events, such as courses, retreats, seminars, training, coaching, classes and others.<\/p>\n<h2 class=\"p1\">Registration for an offer<\/h2>\n<p class=\"p1\">Please send us an e-mail. Your place is bindingly reserved when you have received your registration confirmation and when the deposit has been received.<\/p>\n<p class=\"p2\"><b>Bank details<\/b><br \/>\n<b>Name: <\/b>QUINTANATURA, LDA<b><br \/>\nIBAN: <\/b>PT50004571944029153005150<b><br \/>\nBIC\/SWIFT <\/b><b>: <\/b>CCCMPTP<\/p>\n<h2 class=\"p2\">Cancellation conditions \/ cancellation of the seminar \/ insurance<\/h2>\n<p class=\"p2\">In case of written cancellation up to 4 weeks before the start of the event, we charge a cancellation fee of 50\u20ac for the seminar costs.<\/p>\n<p class=\"p2\">In case of a later cancellation or no-show, there is no right to a refund of the seminar costs. Should you provide a substitute participant, you will be refunded your payment except for a 20 \u20ac processing fee. These are the official conditions. In individual cases, individual solutions are usually possible.<\/p>\n<p class=\"p2\">If a participant does not use the services or parts thereof, there is no right to reimbursement for the unused part.<\/p>\n<p class=\"p2\">If the seminar is cancelled for an important reason (such as illness of the seminar leader or failure to reach the minimum number of participants of 5 people), you will immediately receive your seminar fee back.<\/p>\n<p class=\"p2\">Changes in the course of the seminar that do not change the overall character of the event do not entitle the participant to withdraw from the contract or to reduce the invoice amount.<\/p>\n<p class=\"p2\">There is no entitlement to reimbursement of further costs. In case of cancellation due to failure to reach the minimum number, you will be notified by e-mail at least 4 weeks before the start of the seminar. We would like to point out that there are seminar insurances with which the participant can also insure himself in case the organizer withdraws from the contract.<\/p>\n<p class=\"p2\">In case of illness of a trainer or other unforeseeable events that make it impossible to use one of the specified trainers, the organizer is entitled to use another qualified trainer for the seminar.<\/p>\n<h2 class=\"p1\">Prerequisite on the part of the participants and responsibility<\/h2>\n<p class=\"p1\">Participants take part in all exercises voluntarily and on their own responsibility. The event does not replace psychotherapeutic or medical treatment. Normal mental resilience is required. Participants who are undergoing therapeutic treatment should discuss their participation with their therapist and then with the organizer.<\/p>\n<p class=\"p2\">Each participant is responsible for their own travel.<\/p>\n<p class=\"p2\">\n<h2 class=\"p1\">Privacy<\/h2>\n<p class=\"p1\">Anna Kerckhoff de Sacchi does not pass on the participants&#8217; data to third parties. All aspects of data protection are listed and explained here: <a href=\"https:\/\/cavalocoaching.com\/en\/privacy-policy\/\">Privacy Policy<\/a><\/p>\n<p class=\"p2\">\n<h2 class=\"p1\">Contact<\/h2>\n<p class=\"p1\">QuintaNatura, LDA, Anna Kerckhoff de Sacchi, Rua do Moinho, 8600-013 Bar\u00e3o de S\u00e3o Jo\u00e3o, Portugal<br \/>\nTel: +351 &#8211; 964 595 539, e-mail: hello@cavalocoaching.com<\/p>\n<\/div><\/section><\/p><\/div>\n","protected":false},"excerpt":{"rendered":"","protected":false},"author":1,"featured_media":0,"parent":0,"menu_order":0,"comment_status":"closed","ping_status":"closed","template":"","meta":{"footnotes":""},"class_list":["post-3742","page","type-page","status-publish","hentry"],"yoast_head":"<!-- This site is optimized with the Yoast SEO Premium plugin v25.1 (Yoast SEO v25.1) - https:\/\/yoast.com\/wordpress\/plugins\/seo\/ -->\n<title>GTC - Cavalo Coaching Portugal<\/title>\n<meta name=\"robots\" content=\"index, follow, max-snippet:-1, max-image-preview:large, max-video-preview:-1\" \/>\n<link rel=\"canonical\" href=\"https:\/\/cavalocoaching.com\/en\/gtc\/\" \/>\n<meta property=\"og:locale\" content=\"en_US\" \/>\n<meta property=\"og:type\" content=\"article\" \/>\n<meta property=\"og:title\" content=\"GTC\" \/>\n<meta property=\"og:url\" content=\"https:\/\/cavalocoaching.com\/en\/gtc\/\" \/>\n<meta property=\"og:site_name\" content=\"Cavalo Coaching Portugal\" \/>\n<meta property=\"article:publisher\" content=\"https:\/\/www.facebook.com\/EquuscoachingLifeCoachingWithHorses\/\" \/>\n<meta property=\"article:modified_time\" content=\"2023-03-16T06:39:53+00:00\" \/>\n<meta name=\"twitter:card\" content=\"summary_large_image\" \/>\n<meta name=\"twitter:label1\" content=\"Est. reading time\" \/>\n\t<meta name=\"twitter:data1\" content=\"5 minutes\" \/>\n<script type=\"application\/ld+json\" class=\"yoast-schema-graph\">{\"@context\":\"https:\/\/schema.org\",\"@graph\":[{\"@type\":\"WebPage\",\"@id\":\"https:\/\/cavalocoaching.com\/en\/gtc\/\",\"url\":\"https:\/\/cavalocoaching.com\/en\/gtc\/\",\"name\":\"GTC - Cavalo Coaching Portugal\",\"isPartOf\":{\"@id\":\"https:\/\/cavalocoaching.com\/en\/#website\"},\"datePublished\":\"2023-02-02T19:58:22+00:00\",\"dateModified\":\"2023-03-16T06:39:53+00:00\",\"breadcrumb\":{\"@id\":\"https:\/\/cavalocoaching.com\/en\/gtc\/#breadcrumb\"},\"inLanguage\":\"en-US\",\"potentialAction\":[{\"@type\":\"ReadAction\",\"target\":[\"https:\/\/cavalocoaching.com\/en\/gtc\/\"]}]},{\"@type\":\"BreadcrumbList\",\"@id\":\"https:\/\/cavalocoaching.com\/en\/gtc\/#breadcrumb\",\"itemListElement\":[{\"@type\":\"ListItem\",\"position\":1,\"name\":\"Startseite\",\"item\":\"https:\/\/cavalocoaching.com\/en\/equine-assisted-coaching-in-portugal\/\"},{\"@type\":\"ListItem\",\"position\":2,\"name\":\"GTC\"}]},{\"@type\":\"WebSite\",\"@id\":\"https:\/\/cavalocoaching.com\/en\/#website\",\"url\":\"https:\/\/cavalocoaching.com\/en\/\",\"name\":\"Cavalo Coaching Portugal\",\"description\":\"Pferdegest\u00fctztes Coaching an der Algarve | Ausbildung, Retreats, Kurse &amp; Workshops\",\"publisher\":{\"@id\":\"https:\/\/cavalocoaching.com\/en\/#\/schema\/person\/582505d0acc40f9d26f1aad67b492c0e\"},\"potentialAction\":[{\"@type\":\"SearchAction\",\"target\":{\"@type\":\"EntryPoint\",\"urlTemplate\":\"https:\/\/cavalocoaching.com\/en\/?s={search_term_string}\"},\"query-input\":{\"@type\":\"PropertyValueSpecification\",\"valueRequired\":true,\"valueName\":\"search_term_string\"}}],\"inLanguage\":\"en-US\"},{\"@type\":[\"Person\",\"Organization\"],\"@id\":\"https:\/\/cavalocoaching.com\/en\/#\/schema\/person\/582505d0acc40f9d26f1aad67b492c0e\",\"name\":\"Anna Kerckhoff de Sacchi\",\"image\":{\"@type\":\"ImageObject\",\"inLanguage\":\"en-US\",\"@id\":\"https:\/\/cavalocoaching.com\/en\/#\/schema\/person\/image\/\",\"url\":\"https:\/\/secure.gravatar.com\/avatar\/971c8f058a8563385ebdd77f19109e259ecb6571501cde1fc5bba75d589033e5?s=96&d=mm&r=g\",\"contentUrl\":\"https:\/\/secure.gravatar.com\/avatar\/971c8f058a8563385ebdd77f19109e259ecb6571501cde1fc5bba75d589033e5?s=96&d=mm&r=g\",\"caption\":\"Anna Kerckhoff de Sacchi\"},\"logo\":{\"@id\":\"https:\/\/cavalocoaching.com\/en\/#\/schema\/person\/image\/\"},\"sameAs\":[\"https:\/\/cavalocoaching.com\",\"https:\/\/www.facebook.com\/EquuscoachingLifeCoachingWithHorses\/\"]}]}<\/script>\n<!-- \/ Yoast SEO Premium plugin. -->","yoast_head_json":{"title":"GTC - Cavalo Coaching Portugal","robots":{"index":"index","follow":"follow","max-snippet":"max-snippet:-1","max-image-preview":"max-image-preview:large","max-video-preview":"max-video-preview:-1"},"canonical":"https:\/\/cavalocoaching.com\/en\/gtc\/","og_locale":"en_US","og_type":"article","og_title":"GTC","og_url":"https:\/\/cavalocoaching.com\/en\/gtc\/","og_site_name":"Cavalo Coaching Portugal","article_publisher":"https:\/\/www.facebook.com\/EquuscoachingLifeCoachingWithHorses\/","article_modified_time":"2023-03-16T06:39:53+00:00","twitter_card":"summary_large_image","twitter_misc":{"Est. reading time":"5 minutes"},"schema":{"@context":"https:\/\/schema.org","@graph":[{"@type":"WebPage","@id":"https:\/\/cavalocoaching.com\/en\/gtc\/","url":"https:\/\/cavalocoaching.com\/en\/gtc\/","name":"GTC - Cavalo Coaching Portugal","isPartOf":{"@id":"https:\/\/cavalocoaching.com\/en\/#website"},"datePublished":"2023-02-02T19:58:22+00:00","dateModified":"2023-03-16T06:39:53+00:00","breadcrumb":{"@id":"https:\/\/cavalocoaching.com\/en\/gtc\/#breadcrumb"},"inLanguage":"en-US","potentialAction":[{"@type":"ReadAction","target":["https:\/\/cavalocoaching.com\/en\/gtc\/"]}]},{"@type":"BreadcrumbList","@id":"https:\/\/cavalocoaching.com\/en\/gtc\/#breadcrumb","itemListElement":[{"@type":"ListItem","position":1,"name":"Startseite","item":"https:\/\/cavalocoaching.com\/en\/equine-assisted-coaching-in-portugal\/"},{"@type":"ListItem","position":2,"name":"GTC"}]},{"@type":"WebSite","@id":"https:\/\/cavalocoaching.com\/en\/#website","url":"https:\/\/cavalocoaching.com\/en\/","name":"Cavalo Coaching Portugal","description":"Pferdegest\u00fctztes Coaching an der Algarve | Ausbildung, Retreats, Kurse &amp; Workshops","publisher":{"@id":"https:\/\/cavalocoaching.com\/en\/#\/schema\/person\/582505d0acc40f9d26f1aad67b492c0e"},"potentialAction":[{"@type":"SearchAction","target":{"@type":"EntryPoint","urlTemplate":"https:\/\/cavalocoaching.com\/en\/?s={search_term_string}"},"query-input":{"@type":"PropertyValueSpecification","valueRequired":true,"valueName":"search_term_string"}}],"inLanguage":"en-US"},{"@type":["Person","Organization"],"@id":"https:\/\/cavalocoaching.com\/en\/#\/schema\/person\/582505d0acc40f9d26f1aad67b492c0e","name":"Anna Kerckhoff de Sacchi","image":{"@type":"ImageObject","inLanguage":"en-US","@id":"https:\/\/cavalocoaching.com\/en\/#\/schema\/person\/image\/","url":"https:\/\/secure.gravatar.com\/avatar\/971c8f058a8563385ebdd77f19109e259ecb6571501cde1fc5bba75d589033e5?s=96&d=mm&r=g","contentUrl":"https:\/\/secure.gravatar.com\/avatar\/971c8f058a8563385ebdd77f19109e259ecb6571501cde1fc5bba75d589033e5?s=96&d=mm&r=g","caption":"Anna Kerckhoff de Sacchi"},"logo":{"@id":"https:\/\/cavalocoaching.com\/en\/#\/schema\/person\/image\/"},"sameAs":["https:\/\/cavalocoaching.com","https:\/\/www.facebook.com\/EquuscoachingLifeCoachingWithHorses\/"]}]}},"_links":{"self":[{"href":"https:\/\/cavalocoaching.com\/en\/wp-json\/wp\/v2\/pages\/3742","targetHints":{"allow":["GET"]}}],"collection":[{"href":"https:\/\/cavalocoaching.com\/en\/wp-json\/wp\/v2\/pages"}],"about":[{"href":"https:\/\/cavalocoaching.com\/en\/wp-json\/wp\/v2\/types\/page"}],"author":[{"embeddable":true,"href":"https:\/\/cavalocoaching.com\/en\/wp-json\/wp\/v2\/users\/1"}],"replies":[{"embeddable":true,"href":"https:\/\/cavalocoaching.com\/en\/wp-json\/wp\/v2\/comments?post=3742"}],"version-history":[{"count":2,"href":"https:\/\/cavalocoaching.com\/en\/wp-json\/wp\/v2\/pages\/3742\/revisions"}],"predecessor-version":[{"id":3744,"href":"https:\/\/cavalocoaching.com\/en\/wp-json\/wp\/v2\/pages\/3742\/revisions\/3744"}],"wp:attachment":[{"href":"https:\/\/cavalocoaching.com\/en\/wp-json\/wp\/v2\/media?parent=3742"}],"curies":[{"name":"wp","href":"https:\/\/api.w.org\/{rel}","templated":true}]}}